{"id":1416,"date":"2022-01-04T00:44:33","date_gmt":"2022-01-04T05:44:33","guid":{"rendered":"https:\/\/hogaresbethel.com\/sedes\/?page_id=1416"},"modified":"2023-10-23T17:33:08","modified_gmt":"2023-10-23T22:33:08","slug":"familia","status":"publish","type":"page","link":"https:\/\/hogaresbethel.com\/sedes\/familia\/","title":{"rendered":"FORMACION Y CAPACITACION VIRTUAL EN ATENCI\u00d3N Y APOYO A LA FAMILIA DE NUESTROS PACIENTES"},"content":{"rendered":"<p>[vc_row][vc_column][vc_single_image image=&#8221;1438&#8243; img_size=&#8221;full&#8221; alignment=&#8221;center&#8221;][\/vc_column][\/vc_row][vc_row][vc_column][vc_column_text]<strong>FORMACION Y CAPACITACION VIRTUAL EN ATENCI\u00d3N Y APOYO A LA FAMILIA DE NUESTROS PACIENTES<\/strong><\/p>\n<p>Para recibir este beneficio gratuito env\u00edenos via WhatsApp o correo electr\u00f3nico\u00a0 los siguientes datos:<\/p>\n<ol>\n<li>nombre del paciente que se intern\u00f3<\/li>\n<li>nombre del acudiente<\/li>\n<li>nombre de la sede donde se intern\u00f3 o c\u00f3digo de la sede<\/li>\n<li>fecha de ingreso<\/li>\n<\/ol>\n<p>&nbsp;<\/p>\n<p>&nbsp;<\/p>\n<p><b>La familia<\/b><span style=\"font-weight: 400;\"> es una de las partes involucradas cuando hay una persona con un problema de conducta adictiva. <\/span><b>Su presencia cercana y constante los convierte en testigos directos y al mismo tiempo actores principales<\/b><span style=\"font-weight: 400;\"> dentro de la red de relaciones que se generan dentro de la convivencia con una persona adicta.<\/span><\/p>\n<p><span style=\"font-weight: 400;\">Por lo general, <\/span><b>el entorno cercano de la persona con adicci\u00f3n<\/b><span style=\"font-weight: 400;\"> desarrolla actitudes y comportamientos, activos o pasivos, conscientes o inconscientes.<\/span><\/p>\n<h2><b>Apoyos fundamentales para la superaci\u00f3n de una adicci\u00f3n<\/b><\/h2>\n<p><span style=\"font-weight: 400;\">Estos pueden <\/span><b>perpetuar el estado motivacional precontemplativo y contemplativo del paciente con una adicci\u00f3n y retrasar la b\u00fasqueda de ayuda<\/b><span style=\"font-weight: 400;\"> real y efectiva de esta \u00faltima.<\/span><\/p>\n<p><span style=\"font-weight: 400;\">En los problemas de adicci\u00f3n, es com\u00fan que aparezca toda una constelaci\u00f3n de en la familia que <\/span><b>conductas disfuncionales deterioran<\/b><span style=\"font-weight: 400;\"> gravemente <\/span><b>la relaci\u00f3n y los afectos con el familiar enfermo<\/b><span style=\"font-weight: 400;\">.<\/span><\/p>\n<p><span style=\"font-weight: 400;\">Estos comportamientos suelen ser frecuentes discusiones, mentiras y enga\u00f1os por parte del usuario, desconfianza, reproches, agresiones, robos, culpa, indefensi\u00f3n, miedos &#8230;<\/span><\/p>\n<p><span style=\"font-weight: 400;\">La espiral de lesiones y da\u00f1os va en aumento, y ning\u00fan miembro de la familia lo logra. permanecer al margen. En mayor o menor medida, se establece una espiral de autodestrucci\u00f3n del entorno familiar y las relaciones entre los diferentes componentes del n\u00facleo m\u00e1s \u00edntimo y cercano de personas.<\/span><\/p>\n<p><span style=\"font-weight: 400;\">Como resultado, el amor y el cari\u00f1o dan paso a una <\/span><b>situaci\u00f3n marcada por una actitud policial de obsesiva vigilancia, <\/b><span style=\"font-weight: 400;\">interrogatorios y enfrentamientos que generan un conflicto en convivencia con dif\u00edcil soluci\u00f3n.<\/span><\/p>\n<p><span style=\"font-weight: 400;\">Por si fuera poco, los diversos intentos de ayuda que se han llevado a cabo han puesto al l\u00edmite la situaci\u00f3n de la familia, sobre todo cuando no dan el resultado esperado y la persona con problemas de adicci\u00f3n recae nuevamente, colapsando las expectativas del entorno. cerca del paciente con adicci\u00f3n.<\/span><\/p>\n<p><span style=\"font-weight: 400;\">Por eso el papel de la familia es fundamental en la recuperaci\u00f3n de la persona con adicci\u00f3n.<\/span><\/p>\n<p><span style=\"font-weight: 400;\">Para ello, en un inicio, es importante en la mayor\u00eda de los casos que la familia est\u00e9 en un segundo plano, cuide su estado emocional y acepte un tratamiento profesional conjunto a trav\u00e9s de un enfoque familiar o sist\u00e9mico.<\/span><\/p>\n<p><span style=\"font-weight: 400;\">Esto con el objetivo de corregir conductas disfuncionales, conductas de codependencia, favorecer el perd\u00f3n y crear un clima de comprensi\u00f3n de que el alcoholismo o la adicci\u00f3n es una enfermedad que debe ser tratada.<\/span><\/p>\n<p><span style=\"font-weight: 400;\">Solo curando las heridas, consolidando el compromiso con el bien com\u00fan y abriendo paso en el proceso de recuperaci\u00f3n acompa\u00f1ados de profesionales, se pueden sentar las bases para recuperar las relaciones afectivas perdidas.<\/span><\/p>\n<p><span style=\"font-weight: 400;\">Adem\u00e1s de poder mejorar las relaciones afectivas existentes, basadas en una progresiva confianza de la familia hacia su familiar enfermo.<\/span><\/p>\n<p><span style=\"font-weight: 400;\">A continuaci\u00f3n profundizaremos en ciertos aspectos esenciales a considerar en cuanto a las conductas adictivas y de qu\u00e9 manera <\/span><b>la familia puede servir como soporte fundamental para superar una adicci\u00f3n<\/b><span style=\"font-weight: 400;\">.<\/span><\/p>\n<h2><b>Caracter\u00edsticas de un individuo con conductas adictivas<\/b><\/h2>\n<p><span style=\"font-weight: 400;\">Para comprender las conductas adictivas, es fundamental caracterizar al individuo que las exhibe y as\u00ed reconocer c\u00f3mo es posible brindar el apoyo necesario para superar la adicci\u00f3n.<\/span><\/p>\n<p><span style=\"font-weight: 400;\">Un individuo con conductas adictivas tiende a presentar ciertas caracter\u00edsticas que lo hacen continuar con un c\u00edrculo vicioso de adicci\u00f3n y que los familiares deben conocer y reconocer, entre ellas:<\/span><\/p>\n<h3><b>Tolerancia<\/b><\/h3>\n<p><span style=\"font-weight: 400;\">Un individuo con conductas adictivas tiende a volverse tolerante con dicha conducta, esto significa que la intensidad de la adicci\u00f3n se hace cada vez m\u00e1s grande.<\/span><\/p>\n<p><span style=\"font-weight: 400;\">Es decir, las necesidades del adicto aumentan con el tiempo debido a la necesidad constante de satisfacer necesidades adictivas hasta que finalmente se vuelve dependiente de ella.<\/span><\/p>\n<h3><b>Dependencia<\/b><\/h3>\n<p><span style=\"font-weight: 400;\">Cuando el individuo con conductas adictivas ha alcanzado la dependencia, esto significa que este individuo incluso fisiol\u00f3gicamente necesita realizar sus conductas adictivas para sentir satisfacci\u00f3n y as\u00ed garantizar su bienestar. Esto se conoce como <\/span><b>ansia o ansiedad por consumir<\/b><span style=\"font-weight: 400;\">.<\/span><\/p>\n<p><span style=\"font-weight: 400;\">Podemos tomar como ejemplo, un sujeto adicto al alcohol que con el tiempo tiene la capacidad y necesidad constante de tomar m\u00e1s bebidas alcoh\u00f3licas.<\/span><\/p>\n<p><b>Abstinencia<\/b><\/p>\n<p><span style=\"font-weight: 400;\">El s\u00edndrome de abstinencia es un factor o condici\u00f3n fisiol\u00f3gica que produce en el adicto una <\/span><b>sintomatolog\u00eda<\/b><span style=\"font-weight: 400;\"> caracter\u00edstica muy marcada que lo enferma.<\/span><\/p>\n<p><span style=\"font-weight: 400;\">Esto es producto del incumplimiento de dicho comportamiento adictivo. Es decir, el individuo no se involucra en conductas adictivas y as\u00ed, seg\u00fan el grado de adicci\u00f3n, se presenta en el organismo el s\u00edndrome de abstinencia y privaci\u00f3n que provoca la aparici\u00f3n de s\u00edntomas de grave intensidad que requieren un tratamiento espec\u00edfico.<\/span><\/p>\n<h2><b>Consumir a pesar de las consecuencias negativas La<\/b><\/h2>\n<p><span style=\"font-weight: 400;\">La adicci\u00f3n por parte del adicto es una conducta que incluso ellos reconocen que est\u00e1 mal y que aunque han intentado dejar de fumar, superar la conducta adictiva cuando hay dependencia no es algo realmente muy sencillo.<\/span><\/p>\n<p><span style=\"font-weight: 400;\">Muchas veces, un adicto reconoce que est\u00e1 abusando de su adicci\u00f3n al igual que ignora la intensidad de la misma.<\/span><\/p>\n<p><span style=\"font-weight: 400;\">En ambos casos, la presentaci\u00f3n continuada de conductas adictivas suele deberse a la necesidad constante de sentir bienestar.<\/span><\/p>\n<h2><b>Signos y s\u00edntomas de las personas con conductas adictivas Los<\/b><\/h2>\n<p><span style=\"font-weight: 400;\">Los familiares de las personas con conductas adictivas deben conocer y reconocer no solo las caracter\u00edsticas de las conductas adictivas sino tambi\u00e9n las se\u00f1ales y s\u00edntomas que dichas conductas provocan en el adicto.<\/span><\/p>\n<h3><b>Signos de un individuo con conductas adictivas<\/b><\/h3>\n<ul>\n<li style=\"font-weight: 400;\" aria-level=\"1\"><span style=\"font-weight: 400;\">P\u00e9rdida de percepci\u00f3n del tiempo.<\/span><\/li>\n<li style=\"font-weight: 400;\" aria-level=\"1\"><span style=\"font-weight: 400;\">P\u00e9rdida de inter\u00e9s en actividades diarias importantes.<\/span><\/li>\n<li style=\"font-weight: 400;\" aria-level=\"1\"><span style=\"font-weight: 400;\">Falta de sue\u00f1o<\/span><\/li>\n<li style=\"font-weight: 400;\" aria-level=\"1\"><span style=\"font-weight: 400;\">Frustraci\u00f3n.<\/span><\/li>\n<li style=\"font-weight: 400;\" aria-level=\"1\"><span style=\"font-weight: 400;\">Ansiedad.<\/span><\/li>\n<li style=\"font-weight: 400;\" aria-level=\"1\"><span style=\"font-weight: 400;\">Mentiras.<\/span><\/li>\n<li style=\"font-weight: 400;\" aria-level=\"1\"><span style=\"font-weight: 400;\">Pensamientos obsesivos<\/span><\/li>\n<li style=\"font-weight: 400;\" aria-level=\"1\"><span style=\"font-weight: 400;\">Depresi\u00f3n.<\/span><\/li>\n<li style=\"font-weight: 400;\" aria-level=\"1\"><span style=\"font-weight: 400;\">Culpa.<\/span><\/li>\n<\/ul>\n<h3><b>S\u00edntomas de un individuo con conductas adictivas<\/b><\/h3>\n<ul>\n<li style=\"font-weight: 400;\" aria-level=\"1\"><span style=\"font-weight: 400;\">Irritabilidad.<\/span><\/li>\n<li style=\"font-weight: 400;\" aria-level=\"1\"><span style=\"font-weight: 400;\">Depresi\u00f3n.<\/span><\/li>\n<li style=\"font-weight: 400;\" aria-level=\"1\"><span style=\"font-weight: 400;\">Inquietud.<\/span><\/li>\n<li style=\"font-weight: 400;\" aria-level=\"1\"><span style=\"font-weight: 400;\">Calambres<\/span><\/li>\n<li style=\"font-weight: 400;\" aria-level=\"1\"><span style=\"font-weight: 400;\">Mareos<\/span><\/li>\n<li style=\"font-weight: 400;\" aria-level=\"1\"><span style=\"font-weight: 400;\">Taquicardia.<\/span><\/li>\n<li style=\"font-weight: 400;\" aria-level=\"1\"><span style=\"font-weight: 400;\">Insomnio.<\/span><\/li>\n<\/ul>\n<h2><b>Proceso de recuperaci\u00f3n de adicciones La recuperaci\u00f3n de adicciones<\/b><\/h2>\n<p><span style=\"font-weight: 400;\">Es un proceso largo que consta de varios pasos que requieren una gran disciplina y dedicaci\u00f3n en el proceso en el que el entorno familiar est\u00e1 \u00edntimamente involucrado.<\/span><\/p>\n<p><span style=\"font-weight: 400;\">Es por ello que la familia juega un papel fundamental en la superaci\u00f3n de una adicci\u00f3n porque est\u00e1 ligada a todo el proceso evolutivo del adicto y su adicci\u00f3n en cuesti\u00f3n.<\/span><\/p>\n<p><span style=\"font-weight: 400;\">De esta forma, es necesario que el familiar conozca todo el proceso de recuperaci\u00f3n de una adicci\u00f3n para poder mejorar y contribuir en este proceso de manera positiva.<\/span><\/p>\n<h2><b>\u00bfC\u00f3mo ocurre la recuperaci\u00f3n?<\/b><\/h2>\n<p><span style=\"font-weight: 400;\">Esta recuperaci\u00f3n consiste en la decisi\u00f3n de m\u00e1s o menos de no realizar la conducta adictiva, luego la superaci\u00f3n del s\u00edndrome de abstinencia y finalmente un cambio en cuanto a estilo de vida.<\/span><\/p>\n<p><span style=\"font-weight: 400;\">El apoyo familiar es necesario durante todo el proceso, sin embargo, el primer paso en la recuperaci\u00f3n es puramente personal. La familia cumple su funci\u00f3n o sirve de pilar del proceso de superaci\u00f3n del s\u00edndrome de abstinencia.<\/span><\/p>\n<p><span style=\"font-weight: 400;\">Durante el s\u00edndrome de abstinencia, el adicto tiende a evolucionar en un sentido complejo, comenzando a presentar un cuadro cl\u00ednico caracterizado por signos y s\u00edntomas espec\u00edficos que ponen en juego el proceso de recuperaci\u00f3n.<\/span><\/p>\n<p><span style=\"font-weight: 400;\">En este punto, el familiar que apoya al adicto debe <\/span><b>estar atento a las posibles reca\u00eddas, especialmente cuando el adicto se involucra en conductas enga\u00f1osas y mentirosas<\/b><span style=\"font-weight: 400;\"> para ocultar su reca\u00edda.<\/span><\/p>\n<h2><b>\u00bfC\u00f3mo ayudar en el proceso de recuperaci\u00f3n?<\/b><\/h2>\n<ul>\n<li style=\"font-weight: 400;\" aria-level=\"1\"><span style=\"font-weight: 400;\">Desarrollar t\u00e9cnicas de comunicaci\u00f3n.<\/span><\/li>\n<li style=\"font-weight: 400;\" aria-level=\"1\"><span style=\"font-weight: 400;\">Evite dejar objetos o cosas que causen adicci\u00f3n o induzcan un comportamiento adictivo a la vista.<\/span><\/li>\n<li style=\"font-weight: 400;\" aria-level=\"1\"><span style=\"font-weight: 400;\">Desarrolle una red de apoyo para el adicto.<\/span><\/li>\n<li style=\"font-weight: 400;\" aria-level=\"1\"><span style=\"font-weight: 400;\">Evite las personas y los entornos que pueden contribuir a comportamientos adictivos.<\/span><\/li>\n<li style=\"font-weight: 400;\" aria-level=\"1\"><span style=\"font-weight: 400;\">Planifique actividades recreativas para mantener ocupado al adicto.<\/span><\/li>\n<li style=\"font-weight: 400;\" aria-level=\"1\"><span style=\"font-weight: 400;\">Acompa\u00f1ar en cada proceso de superaci\u00f3n de la adicci\u00f3n.<\/span><\/li>\n<li style=\"font-weight: 400;\" aria-level=\"1\"><span style=\"font-weight: 400;\">Tener una posici\u00f3n comprensiva pero autoritaria.<\/span><\/li>\n<li style=\"font-weight: 400;\" aria-level=\"1\"><span style=\"font-weight: 400;\">Evite los sentimientos de culpa y rechazo.<\/span><\/li>\n<\/ul>\n<p><span style=\"font-weight: 400;\">Estos aspectos antes mencionados marcan la diferencia entre una adecuada recuperaci\u00f3n de una adicci\u00f3n a una fuerte reca\u00edda por parte del adicto.<\/span><\/p>\n<p><span style=\"font-weight: 400;\">Tambi\u00e9n es fundamental que el familiar que apoya al adicto sea capaz de mantener una actitud positiva y constante.<\/span><\/p>\n<p><span style=\"font-weight: 400;\">Por otro lado, una vez que el adicto ha aceptado la adicci\u00f3n y decide iniciar el proceso de recuperaci\u00f3n, el familiar solidario puede involucrarse y motivar al adicto a asistir a sesiones psicol\u00f3gicas que mejoren el proceso de recuperaci\u00f3n.<\/span><\/p>\n<p><span style=\"font-weight: 400;\">Y no solo el adicto debe acudir a las sesiones psicol\u00f3gicas, los familiares tambi\u00e9n deben poder asistir a estas sesiones con el fin de mantener la salud mental y una mejor posici\u00f3n en la situaci\u00f3n y durante todo el proceso de recuperaci\u00f3n de la adicci\u00f3n.<\/span>[\/vc_column_text][\/vc_column][\/vc_row]<\/p>\n","protected":false},"excerpt":{"rendered":"<p>[vc_row][vc_column][vc_single_image image=&#8221;1438&#8243; img_size=&#8221;full&#8221; alignment=&#8221;center&#8221;][\/vc_column][\/vc_row][vc_row][vc_column][vc_column_text]FORMACION Y CAPACITACION VIRTUAL EN ATENCI\u00d3N Y APOYO A LA FAMILIA DE NUESTROS PACIENTES Para recibir este beneficio gratuito env\u00edenos via WhatsApp o correo electr\u00f3nico\u00a0 los siguientes datos: nombre del paciente que se intern\u00f3 nombre del acudiente nombre de la sede donde se intern\u00f3 o c\u00f3digo de la sede fecha de ingreso &#8230; <a title=\"FORMACION Y CAPACITACION VIRTUAL EN ATENCI\u00d3N Y APOYO A LA FAMILIA DE NUESTROS PACIENTES\" class=\"read-more\" href=\"https:\/\/hogaresbethel.com\/sedes\/familia\/\" aria-label=\"M\u00e1s en FORMACION Y CAPACITACION VIRTUAL EN ATENCI\u00d3N Y APOYO A LA FAMILIA DE NUESTROS PACIENTES\">Leer m\u00e1s<\/a><\/p>\n","protected":false},"author":1,"featured_media":0,"parent":0,"menu_order":0,"comment_status":"closed","ping_status":"closed","template":"","meta":{"footnotes":""},"_links":{"self":[{"href":"https:\/\/hogaresbethel.com\/sedes\/wp-json\/wp\/v2\/pages\/1416"}],"collection":[{"href":"https:\/\/hogaresbethel.com\/sedes\/wp-json\/wp\/v2\/pages"}],"about":[{"href":"https:\/\/hogaresbethel.com\/sedes\/wp-json\/wp\/v2\/types\/page"}],"author":[{"embeddable":true,"href":"https:\/\/hogaresbethel.com\/sedes\/wp-json\/wp\/v2\/users\/1"}],"replies":[{"embeddable":true,"href":"https:\/\/hogaresbethel.com\/sedes\/wp-json\/wp\/v2\/comments?post=1416"}],"version-history":[{"count":13,"href":"https:\/\/hogaresbethel.com\/sedes\/wp-json\/wp\/v2\/pages\/1416\/revisions"}],"predecessor-version":[{"id":5609,"href":"https:\/\/hogaresbethel.com\/sedes\/wp-json\/wp\/v2\/pages\/1416\/revisions\/5609"}],"wp:attachment":[{"href":"https:\/\/hogaresbethel.com\/sedes\/wp-json\/wp\/v2\/media?parent=1416"}],"curies":[{"name":"wp","href":"https:\/\/api.w.org\/{rel}","templated":true}]}}