{"id":21,"date":"2019-05-15T08:13:52","date_gmt":"2019-05-15T07:13:52","guid":{"rendered":"https:\/\/hogaresbethel.com\/sedes\/?page_id=21"},"modified":"2023-11-14T00:41:34","modified_gmt":"2023-11-14T05:41:34","slug":"quienes-somos","status":"publish","type":"page","link":"https:\/\/hogaresbethel.com\/sedes\/quienes-somos\/","title":{"rendered":"Quienes somos?"},"content":{"rendered":"<p>[vc_row][vc_column][vc_column_text]\r\n<p><strong><a href=\"https:\/\/hogaresbethel.com\/sedes\/wp-content\/uploads\/2023\/11\/WHATSAPP.png\"><img loading=\"lazy\" decoding=\"async\" class=\"alignnone size-full wp-image-6032\" src=\"https:\/\/hogaresbethel.com\/sedes\/wp-content\/uploads\/2023\/11\/WHATSAPP.png\" alt=\"\" width=\"1280\" height=\"720\" srcset=\"https:\/\/hogaresbethel.com\/sedes\/wp-content\/uploads\/2023\/11\/WHATSAPP.png 1280w, https:\/\/hogaresbethel.com\/sedes\/wp-content\/uploads\/2023\/11\/WHATSAPP-300x169.png 300w, https:\/\/hogaresbethel.com\/sedes\/wp-content\/uploads\/2023\/11\/WHATSAPP-1024x576.png 1024w, https:\/\/hogaresbethel.com\/sedes\/wp-content\/uploads\/2023\/11\/WHATSAPP-768x432.png 768w\" sizes=\"(max-width: 1280px) 100vw, 1280px\" \/><\/a><\/strong><\/p>\r\n<h1>FUNDACION HOGARES BETHEL<\/h1>\r\n<p>Somos una fundaci\u00f3n sin animo de lucro fundada con en el 2008, brindando tratamiento a las personas afectadas por las adicciones incluyendo la familia<\/p>\r\n<p><strong><a href=\"https:\/\/hogaresbethel.com\/sedes\/wp-content\/uploads\/2023\/11\/LEGAL.jpg\"><img loading=\"lazy\" decoding=\"async\" class=\"size-full wp-image-6033 aligncenter\" src=\"https:\/\/hogaresbethel.com\/sedes\/wp-content\/uploads\/2023\/11\/LEGAL.jpg\" alt=\"\" width=\"436\" height=\"552\" srcset=\"https:\/\/hogaresbethel.com\/sedes\/wp-content\/uploads\/2023\/11\/LEGAL.jpg 436w, https:\/\/hogaresbethel.com\/sedes\/wp-content\/uploads\/2023\/11\/LEGAL-237x300.jpg 237w\" sizes=\"(max-width: 436px) 100vw, 436px\" \/><\/a><\/strong><\/p>\r\n<p>&nbsp;<\/p>\r\n<p><strong>LA IPS FUNDACI\u00d3N HOGARES BETHEL<\/strong> Centro de atenci\u00f3n en drogodependencias, salud mental y formaci\u00f3n en salud; con sede en Popay\u00e1n Colombia; viene ofertando programas acad\u00e9micos presenciales y en l\u00ednea desde noviembre del a\u00f1o 2010 obteniendo grandes avances en estructura acad\u00e9mica y tecnol\u00f3gica. Ahora ofertando demandas de normatividad del ministerio de salud y protecci\u00f3n social y ministerio de educaci\u00f3n nacional.<\/p>\r\n<p><img loading=\"lazy\" decoding=\"async\" class=\"size-full wp-image-671 aligncenter\" src=\"https:\/\/hogaresbethel.com\/sedes\/wp-content\/uploads\/2019\/06\/dhs145884.jpg\" alt=\"\" width=\"180\" height=\"180\" srcset=\"https:\/\/hogaresbethel.com\/sedes\/wp-content\/uploads\/2019\/06\/dhs145884.jpg 180w, https:\/\/hogaresbethel.com\/sedes\/wp-content\/uploads\/2019\/06\/dhs145884-150x150.jpg 150w\" sizes=\"(max-width: 180px) 100vw, 180px\" \/><\/p>\r\n<p>Servicios de Salud habilitados por el Ministerio de salud y Protecci\u00f3n Social:<\/p>\r\n<p>C\u00f3digos de habilitaci\u00f3n DHS182194 &#8211;\u00a0DHS182195<\/p>\r\n<!-- \/wp:paragraph -->\r\n<p>&nbsp;<\/p>\r\n<!-- wp:paragraph -->\r\n<p>&nbsp;<\/p>\r\n<p>[\/vc_column_text][\/vc_column][\/vc_row][vc_row][vc_column][vc_column_text]<\/p>\r\n<h6><span style=\"color: #999999;\">TALENTUM Centro de educaci\u00f3n superior internacional en alianza con la IPS fundaci\u00f3n Hogares Bethel y su centro de formaci\u00f3n en:<\/span><br \/><span style=\"color: #999999;\">Alabama: Montgomery &#8211; Alaska: Juneau &#8211; Arizona: Phoenix &#8211; Arkansas: Little Rock &#8211; California: Sacramento &#8211; Carolina del Norte: Raleigh &#8211; Carolina del Sur: Columbia &#8211; Colorado: Denver &#8211; Connecticut: Hartford &#8211; Dakota del Norte: Bismarck &#8211; Dakota del Sur: Pierre &#8211; Delaware: Dover &#8211; Florida: Tallahassee &#8211; Georgia: Atlanta &#8211; Haw\u00e1i: Honolulu &#8211; Idaho: Boise &#8211; Illinois: Springfield &#8211; Indiana: Indian\u00e1polis &#8211; Iowa: Des Moines &#8211; Kansas: Topeka &#8211; Kentucky: Frankfort &#8211; Luisiana: Baton Rouge -Maine: Augusta &#8211; Maryland: Annapolis &#8211; Massachusetts: Boston &#8211; M\u00edchigan: Lansing &#8211; Minnesota: Saint Paul &#8211; Misisipi: Jackson &#8211; Misuri: Jefferson City &#8211; Montana: Helena &#8211; Nebraska: Lincoln &#8211; Nevada: Carson City &#8211; Nueva Jersey: Trenton &#8211; Nueva York: Albany &#8211; Nuevo Hampshire: Concord &#8211; Nuevo M\u00e9xico: Santa Fe &#8211; Ohio: Columbus &#8211; Oklahoma: Oklahoma City &#8211; Oreg\u00f3n: Salem &#8211; Pensilvania: Harrisburg &#8211; Rhode Island: Providence &#8211; Tennessee: Nashville &#8211; Texas: Austin &#8211; Utah: Salt Lake City &#8211; Vermont: Montpelier &#8211; Virginia: Richmond &#8211; Virginia Occidental: Charleston &#8211; Washington: Olympia &#8211; Wisconsin: Madison &#8211; Wyoming: Cheyenne &#8211; Bocas del Toro Bocas del Toro &#8211; Cocl\u00e9 Penonom\u00e9 &#8211; Col\u00f3n Col\u00f3n &#8211; Chiriqu\u00ed David- Dari\u00e9n La Palma-Herrera Chitr\u00e9 &#8211; Los Santos Las Tablas &#8211; Panam\u00e1 Ciudad de Panam\u00e1 &#8211; Veraguas Santiago &#8211; Panam\u00e1 Oeste La Chorrera &#8211; Popay\u00e1n Cauca Pasto Nari\u00f1o Cali Valle del Cauca Neiva Huila Mocoa Putumayo Medell\u00edn Antioquia Santa fe de Bogot\u00e1 Cundinamarca Barranquilla Atl\u00e1ntico Cartagena Bol\u00edvar Bucaramanga Santander Monter\u00eda C\u00f3rdoba Ibagu\u00e9 Tolima barrancabermeja C\u00facuta Norte de Santander Tunja Boyac\u00e1 Santa Martha Magdalena Valledupar Cesar Manizales Caldas Riohacha La Guajira Villavicencio Meta Pereira Risaralda Sincelejo Sucre Armenia Quind\u00edo Quibd\u00f3 Choco Florencia Caquet\u00e1 Yopal Casanare Arauca Arauca San Jos\u00e9 del Guaviare Guaviare San Andr\u00e9s San Andr\u00e9s y Providencia Leticia Amazonas Puerto Carre\u00f1o Vichada Mit\u00fa Vaup\u00e9s Puerto In\u00edrida Guain\u00eda Miami (Florida) Santa Ana (California) Texas en El Paso Laredo Brownsville McAllen Baldwin Park Downey El Monte Fontana Indio Norwalk Ontario Oxnard Pomona Salinas Santa Mar\u00eda Nueva Jersey Elizabeth Paterson Florida Kendall Miami Beach Nueva York Los \u00c1ngeles Houston San Antonio Chicago Bocas del Toro Chiriqu\u00ed Cocl\u00e9 Col\u00f3n Dari\u00e9n Ember\u00e1 Herrera Kuna Yala Los Santos Ng\u00f6be Bugl\u00e9 Panam\u00e1 Veraguas<\/span><\/h6>\r\n<p>[\/vc_column_text][\/vc_column][\/vc_row]<\/p>","protected":false},"excerpt":{"rendered":"<p>[vc_row][vc_column][vc_column_text] FUNDACION HOGARES BETHEL Somos una fundaci\u00f3n sin animo de lucro fundada con en el 2008, brindando tratamiento a las personas afectadas por las adicciones incluyendo la familia &nbsp; LA IPS FUNDACI\u00d3N HOGARES BETHEL Centro de atenci\u00f3n en drogodependencias, salud mental y formaci\u00f3n en salud; con sede en Popay\u00e1n Colombia; viene ofertando programas acad\u00e9micos presenciales &#8230; <a title=\"Quienes somos?\" class=\"read-more\" href=\"https:\/\/hogaresbethel.com\/sedes\/quienes-somos\/\" aria-label=\"M\u00e1s en Quienes somos?\">Leer m\u00e1s<\/a><\/p>\n","protected":false},"author":1,"featured_media":0,"parent":0,"menu_order":0,"comment_status":"closed","ping_status":"closed","template":"","meta":{"footnotes":""},"_links":{"self":[{"href":"https:\/\/hogaresbethel.com\/sedes\/wp-json\/wp\/v2\/pages\/21"}],"collection":[{"href":"https:\/\/hogaresbethel.com\/sedes\/wp-json\/wp\/v2\/pages"}],"about":[{"href":"https:\/\/hogaresbethel.com\/sedes\/wp-json\/wp\/v2\/types\/page"}],"author":[{"embeddable":true,"href":"https:\/\/hogaresbethel.com\/sedes\/wp-json\/wp\/v2\/users\/1"}],"replies":[{"embeddable":true,"href":"https:\/\/hogaresbethel.com\/sedes\/wp-json\/wp\/v2\/comments?post=21"}],"version-history":[{"count":2,"href":"https:\/\/hogaresbethel.com\/sedes\/wp-json\/wp\/v2\/pages\/21\/revisions"}],"predecessor-version":[{"id":6034,"href":"https:\/\/hogaresbethel.com\/sedes\/wp-json\/wp\/v2\/pages\/21\/revisions\/6034"}],"wp:attachment":[{"href":"https:\/\/hogaresbethel.com\/sedes\/wp-json\/wp\/v2\/media?parent=21"}],"curies":[{"name":"wp","href":"https:\/\/api.w.org\/{rel}","templated":true}]}}