{"id":2148,"date":"2022-01-16T22:00:02","date_gmt":"2022-01-17T03:00:02","guid":{"rendered":"https:\/\/hogaresbethel.com\/sedes\/?page_id=2148"},"modified":"2023-11-13T23:57:59","modified_gmt":"2023-11-14T04:57:59","slug":"ratamiento-personalizado-en-linea-para-adicciones","status":"publish","type":"page","link":"https:\/\/hogaresbethel.com\/sedes\/ratamiento-personalizado-en-linea-para-adicciones\/","title":{"rendered":"TRATAMIENTO PERSONALIZADO EN LINEA PARA ADICCIONES DROGAS ALCOHOL Y JUEGO COMPULSIVO &#8211; Online &#8211; Virtual"},"content":{"rendered":"<p>[vc_row][vc_column][vc_video link=&#8221;https:\/\/youtu.be\/KrLZdgshIJ8&#8243; align=&#8221;center&#8221; title=&#8221;TRATAMIENTO PERSONALIZADO EN LINEA, TERAPIAS INTERDISCIPLINARIAS&#8221;][vc_column_text]<\/p>\r\n<h2><a href=\"https:\/\/hogaresbethel.com\/sedes\/ttoenlinea\/CARACTER\u00cdSTICAS_DEL_TRATAMIENTO_PERSONALIZADO_EN_LINEA_FUNDACION CELULAR.docx.pdf\">DESCARGUE EL PORTAFOLIO AQUI!<\/a><\/h2>\r\n<h2>Separe su cita en l\u00ednea<\/h2>\r\n<p><strong>LL\u00c1MENOS AHORA O CONT\u00c1CTENOS POR WhatsApp<\/strong><\/p>\r\n<p><strong>DIANA +57 3137596078<\/strong><\/p>\r\n<p>&nbsp;<\/p>\r\n<p>[\/vc_column_text][vc_column_text]","protected":false},"excerpt":{"rendered":"<p>[vc_row][vc_column][vc_video link=&#8221;https:\/\/youtu.be\/KrLZdgshIJ8&#8243; align=&#8221;center&#8221; title=&#8221;TRATAMIENTO PERSONALIZADO EN LINEA, TERAPIAS INTERDISCIPLINARIAS&#8221;][vc_column_text] DESCARGUE EL PORTAFOLIO AQUI! Separe su cita en l\u00ednea LL\u00c1MENOS AHORA O CONT\u00c1CTENOS POR WhatsApp DIANA +57 3137596078 &nbsp; [\/vc_column_text][vc_column_text]<\/p>\n","protected":false},"author":1,"featured_media":0,"parent":0,"menu_order":0,"comment_status":"closed","ping_status":"closed","template":"","meta":{"footnotes":""},"_links":{"self":[{"href":"https:\/\/hogaresbethel.com\/sedes\/wp-json\/wp\/v2\/pages\/2148"}],"collection":[{"href":"https:\/\/hogaresbethel.com\/sedes\/wp-json\/wp\/v2\/pages"}],"about":[{"href":"https:\/\/hogaresbethel.com\/sedes\/wp-json\/wp\/v2\/types\/page"}],"author":[{"embeddable":true,"href":"https:\/\/hogaresbethel.com\/sedes\/wp-json\/wp\/v2\/users\/1"}],"replies":[{"embeddable":true,"href":"https:\/\/hogaresbethel.com\/sedes\/wp-json\/wp\/v2\/comments?post=2148"}],"version-history":[{"count":17,"href":"https:\/\/hogaresbethel.com\/sedes\/wp-json\/wp\/v2\/pages\/2148\/revisions"}],"predecessor-version":[{"id":6029,"href":"https:\/\/hogaresbethel.com\/sedes\/wp-json\/wp\/v2\/pages\/2148\/revisions\/6029"}],"wp:attachment":[{"href":"https:\/\/hogaresbethel.com\/sedes\/wp-json\/wp\/v2\/media?parent=2148"}],"curies":[{"name":"wp","href":"https:\/\/api.w.org\/{rel}","templated":true}]}}