{"id":307,"date":"2019-05-17T22:24:03","date_gmt":"2019-05-18T03:24:03","guid":{"rendered":"https:\/\/hogaresbethel.com\/sedes\/?page_id=307"},"modified":"2021-05-12T13:17:38","modified_gmt":"2021-05-12T18:17:38","slug":"autorizacion-de-uso-de-datos-personales","status":"publish","type":"page","link":"https:\/\/hogaresbethel.com\/sedes\/autorizacion-de-uso-de-datos-personales\/","title":{"rendered":"Autorizaci\u00f3n De Uso De Datos Personales"},"content":{"rendered":"<p><img loading=\"lazy\" decoding=\"async\" class=\"aligncenter wp-image-308 size-full\" src=\"https:\/\/hogaresbethel.com\/sedes\/wp-content\/uploads\/2019\/05\/Politica-datos-personales.jpg\" alt=\"\" width=\"1200\" height=\"472\" srcset=\"https:\/\/hogaresbethel.com\/sedes\/wp-content\/uploads\/2019\/05\/Politica-datos-personales.jpg 1200w, https:\/\/hogaresbethel.com\/sedes\/wp-content\/uploads\/2019\/05\/Politica-datos-personales-300x118.jpg 300w, https:\/\/hogaresbethel.com\/sedes\/wp-content\/uploads\/2019\/05\/Politica-datos-personales-768x302.jpg 768w, https:\/\/hogaresbethel.com\/sedes\/wp-content\/uploads\/2019\/05\/Politica-datos-personales-1024x403.jpg 1024w\" sizes=\"(max-width: 1200px) 100vw, 1200px\" \/><\/p>\n<p>El Centro para la Educaci\u00f3n Superior Internacional TALENTUM, es una instituci\u00f3n educativa para el trabajo y el desarrollo humano, carreras t\u00e9cnicas y especializaciones, que asume las funciones de controlador de datos personales, prestando especial atenci\u00f3n a Recopilaci\u00f3n y almacenamiento de datos personales. realizar La pol\u00edtica de procesamiento de datos personales de TALENTUM International Higher Education Center contiene las pol\u00edticas y procedimientos para procesar la informaci\u00f3n recopilada, as\u00ed como los formularios de consulta y reclamaci\u00f3n que le permitir\u00e1n hacer valer sus derechos de acceso. Consulta y rectificaci\u00f3n. , actualizaci\u00f3n y eliminaci\u00f3n de datos de acuerdo con las regulaciones vigentes sobre las posibilidades relacionadas con sus datos personales; Esta pol\u00edtica se puede encontrar en el sitio web https:\/\/hogaresbethel.com\/sedes\/<\/p>\n<p>De acuerdo con la normativa vigente, le autorizamos a informarle que sus datos personales se incluir\u00e1n en una base de datos, que siempre se utilizar\u00e1 para los fines de la instituci\u00f3n:<\/p>\n<p>1. Respetar las obligaciones con nuestros estudiantes, profesores, contratistas, contratistas, clientes, proveedores y empleados.<\/p>\n<p>2. Llevar a cabo una comunicaci\u00f3n efectiva relacionada con los servicios que ofrecemos y otras actividades relacionadas con las funciones espec\u00edficas de una instituci\u00f3n educativa para el trabajo; alianzas, acuerdos, estudios, contenidos, as\u00ed como otras instituciones con las que mantiene una relaci\u00f3n directa o indirecta, con las que se facilitar\u00e1 el acceso a estos datos.<\/p>\n<p>3. Evaluar la calidad de nuestros servicios.<\/p>\n<p>4. Informar sobre los cambios en los servicios de la instituci\u00f3n educativa;<\/p>\n<p>5. Realizar encuestas y \/ o estudios de los usos de los servicios y productos ofrecidos por la instituci\u00f3n educativa.<\/p>\n<p>Por lo tanto, solicitamos su autorizaci\u00f3n gratuita, previa, expresa, voluntaria y debidamente informada, para permitir que todas las dependencias acad\u00e9micas y \/ o administrativas recopilen, recopilen, almacenen, utilicen, circulen, eliminen, procesen, recopilen, intercambien otorgar\u00e1 el procesamiento, la actualizaci\u00f3n y la eliminaci\u00f3n de los datos que se proporcionar\u00e1n y se incorporar\u00e1n a las diversas bases de datos o repositorios electr\u00f3nicos de todo tipo que pertenezcan al Centro Internacional de Educaci\u00f3n Superior TALENTUM. Esta informaci\u00f3n se utiliza y se usar\u00e1 en el desarrollo de las funciones de la instituci\u00f3n educativa como una instituci\u00f3n de educaci\u00f3n superior, directamente oa trav\u00e9s de terceros.<\/p>\n<p>Si no desea que sus datos personales sean utilizados por la instituci\u00f3n educativa, puede revocar esta autorizaci\u00f3n en su totalidad o en parte, de manera expresa, inequ\u00edvoca, directa, expresa y por escrito, f\u00edsica o electr\u00f3nicamente; o verbalmente, o por cualquier medio o comportamiento no ambiguo para concluir razonablemente que la autorizaci\u00f3n o el consentimiento son revocados.<br \/>\nInformaci\u00f3n de contacto:<br \/>\nDirecci\u00f3n: Carrera 9 # 5N12 Barrio Linda Loma Linda Popayan Cauca Colombia<br \/>\nCorreo electr\u00f3nico: talentumsuperior@gmail.com<\/p>\n","protected":false},"excerpt":{"rendered":"<p>El Centro para la Educaci\u00f3n Superior Internacional TALENTUM, es una instituci\u00f3n educativa para el trabajo y el desarrollo humano, carreras t\u00e9cnicas y especializaciones, que asume las funciones de controlador de datos personales, prestando especial atenci\u00f3n a Recopilaci\u00f3n y almacenamiento de datos personales. realizar La pol\u00edtica de procesamiento de datos personales de TALENTUM International Higher Education &#8230; <a title=\"Autorizaci\u00f3n De Uso De Datos Personales\" class=\"read-more\" href=\"https:\/\/hogaresbethel.com\/sedes\/autorizacion-de-uso-de-datos-personales\/\" aria-label=\"M\u00e1s en Autorizaci\u00f3n De Uso De Datos Personales\">Leer m\u00e1s<\/a><\/p>\n","protected":false},"author":1,"featured_media":0,"parent":0,"menu_order":0,"comment_status":"closed","ping_status":"closed","template":"","meta":{"footnotes":""},"_links":{"self":[{"href":"https:\/\/hogaresbethel.com\/sedes\/wp-json\/wp\/v2\/pages\/307"}],"collection":[{"href":"https:\/\/hogaresbethel.com\/sedes\/wp-json\/wp\/v2\/pages"}],"about":[{"href":"https:\/\/hogaresbethel.com\/sedes\/wp-json\/wp\/v2\/types\/page"}],"author":[{"embeddable":true,"href":"https:\/\/hogaresbethel.com\/sedes\/wp-json\/wp\/v2\/users\/1"}],"replies":[{"embeddable":true,"href":"https:\/\/hogaresbethel.com\/sedes\/wp-json\/wp\/v2\/comments?post=307"}],"version-history":[{"count":0,"href":"https:\/\/hogaresbethel.com\/sedes\/wp-json\/wp\/v2\/pages\/307\/revisions"}],"wp:attachment":[{"href":"https:\/\/hogaresbethel.com\/sedes\/wp-json\/wp\/v2\/media?parent=307"}],"curies":[{"name":"wp","href":"https:\/\/api.w.org\/{rel}","templated":true}]}}