{"id":312,"date":"2019-05-17T22:31:26","date_gmt":"2019-05-18T03:31:26","guid":{"rendered":"https:\/\/hogaresbethel.com\/sedes\/?page_id=312"},"modified":"2021-05-12T13:17:38","modified_gmt":"2021-05-12T18:17:38","slug":"politica-de-calidad","status":"publish","type":"page","link":"https:\/\/hogaresbethel.com\/sedes\/politica-de-calidad\/","title":{"rendered":"Pol\u00edtica De Calidad"},"content":{"rendered":"<p>Somos una instituci\u00f3n educativa para el trabajo y el desarrollo humano que brinda servicios de capacitaci\u00f3n de alta calidad, con programas y procesos innovadores, a trav\u00e9s de un talento humano capacitado y una infraestructura apropiada, que contribuye a la mejora continua y a la satisfacci\u00f3n de nuestros estudiantes y nuestros grupos. interesar.<\/p>\n<p>VALORES DE TALENTUM<br \/>\nCOMPROMISO<br \/>\nFirmeza inquebrantable de hacer o hacer algo que hemos propuesto o que simplemente deber\u00edamos hacer.<\/p>\n<p>RESPONSABILIDAD<br \/>\nVirtud o disposici\u00f3n habitual para asumir las consecuencias de sus decisiones, respondi\u00e9ndolas siempre.<\/p>\n<p>SERVICIO:<br \/>\nEs una actitud de vida. asume una voluntad franca de colaborar con los dem\u00e1s.<\/p>\n","protected":false},"excerpt":{"rendered":"<p>Somos una instituci\u00f3n educativa para el trabajo y el desarrollo humano que brinda servicios de capacitaci\u00f3n de alta calidad, con programas y procesos innovadores, a trav\u00e9s de un talento humano capacitado y una infraestructura apropiada, que contribuye a la mejora continua y a la satisfacci\u00f3n de nuestros estudiantes y nuestros grupos. interesar. VALORES DE TALENTUM &#8230; <a title=\"Pol\u00edtica De Calidad\" class=\"read-more\" href=\"https:\/\/hogaresbethel.com\/sedes\/politica-de-calidad\/\" aria-label=\"M\u00e1s en Pol\u00edtica De Calidad\">Leer m\u00e1s<\/a><\/p>\n","protected":false},"author":1,"featured_media":0,"parent":0,"menu_order":0,"comment_status":"closed","ping_status":"closed","template":"","meta":{"footnotes":""},"_links":{"self":[{"href":"https:\/\/hogaresbethel.com\/sedes\/wp-json\/wp\/v2\/pages\/312"}],"collection":[{"href":"https:\/\/hogaresbethel.com\/sedes\/wp-json\/wp\/v2\/pages"}],"about":[{"href":"https:\/\/hogaresbethel.com\/sedes\/wp-json\/wp\/v2\/types\/page"}],"author":[{"embeddable":true,"href":"https:\/\/hogaresbethel.com\/sedes\/wp-json\/wp\/v2\/users\/1"}],"replies":[{"embeddable":true,"href":"https:\/\/hogaresbethel.com\/sedes\/wp-json\/wp\/v2\/comments?post=312"}],"version-history":[{"count":0,"href":"https:\/\/hogaresbethel.com\/sedes\/wp-json\/wp\/v2\/pages\/312\/revisions"}],"wp:attachment":[{"href":"https:\/\/hogaresbethel.com\/sedes\/wp-json\/wp\/v2\/media?parent=312"}],"curies":[{"name":"wp","href":"https:\/\/api.w.org\/{rel}","templated":true}]}}