{"id":5463,"date":"2023-10-23T13:40:00","date_gmt":"2023-10-23T18:40:00","guid":{"rendered":"https:\/\/hogaresbethel.com\/sedes\/?page_id=5463"},"modified":"2024-04-19T10:52:35","modified_gmt":"2024-04-19T15:52:35","slug":"home","status":"publish","type":"page","link":"https:\/\/hogaresbethel.com\/sedes\/","title":{"rendered":"INICIO"},"content":{"rendered":"<p>[vc_row][vc_column width=&#8221;1\/4&#8243; css=&#8221;.vc_custom_1699839059428{margin-top: 10px !important;margin-right: 10px !important;margin-bottom: 10px !important;margin-left: 10px !important;border-top-width: 1px !important;border-right-width: 1px !important;border-bottom-width: 1px !important;border-left-width: 1px !important;border-left-color: #81d742 !important;border-left-style: solid !important;border-right-color: #81d742 !important;border-right-style: solid !important;border-top-color: #81d742 !important;border-top-style: solid !important;border-bottom-color: #81d742 !important;border-bottom-style: solid !important;border-radius: 10px !important;}&#8221;][vc_single_image image=&#8221;5476&#8243; img_size=&#8221;full&#8221; alignment=&#8221;center&#8221; onclick=&#8221;custom_link&#8221; link=&#8221;https:\/\/hogaresbethel.com\/sedes\/mujeres-contra-su-voluntad\/&#8221;][vc_column_text css=&#8221;.vc_custom_1699839383652{margin-top: 5px !important;}&#8221;]<\/p>\n<h3 style=\"text-align: center;\"><a href=\"https:\/\/hogaresbethel.com\/sedes\/mujeres-contra-su-voluntad\/\">Listado De Sedes Para Mujeres Que No Aceptan Tratamiento Interno<\/a><\/h3>\n<p>[\/vc_column_text][\/vc_column][vc_column width=&#8221;1\/4&#8243; css=&#8221;.vc_custom_1699839155434{margin-top: 10px !important;margin-right: 10px !important;margin-bottom: 10px !important;margin-left: 10px !important;border-top-width: 1px !important;border-right-width: 1px !important;border-bottom-width: 1px !important;border-left-width: 1px !important;border-left-color: #81d742 !important;border-left-style: solid !important;border-right-color: #81d742 !important;border-right-style: solid !important;border-top-color: #81d742 !important;border-top-style: solid !important;border-bottom-color: #81d742 !important;border-bottom-style: solid !important;border-radius: 10px !important;}&#8221;][vc_single_image image=&#8221;5475&#8243; img_size=&#8221;full&#8221; alignment=&#8221;center&#8221; onclick=&#8221;custom_link&#8221; link=&#8221;https:\/\/hogaresbethel.com\/sedes\/mujeres-con-voluntad\/&#8221;][vc_column_text]<\/p>\n<h3 style=\"text-align: center;\"><a href=\"https:\/\/hogaresbethel.com\/sedes\/mujeres-con-voluntad\/\">Listado De Sedes Para Mujeres Que Aceptan Tratamiento Interno<\/a><\/h3>\n<p>[\/vc_column_text][\/vc_column][vc_column width=&#8221;1\/4&#8243; css=&#8221;.vc_custom_1699839209381{margin-top: 10px !important;margin-right: 10px !important;margin-bottom: 10px !important;margin-left: 10px !important;border-top-width: 1px !important;border-right-width: 1px !important;border-bottom-width: 1px !important;border-left-width: 1px !important;border-left-color: #81d742 !important;border-left-style: solid !important;border-right-color: #81d742 !important;border-right-style: solid !important;border-top-color: #81d742 !important;border-top-style: solid !important;border-bottom-color: #81d742 !important;border-bottom-style: solid !important;border-radius: 10px !important;}&#8221;][vc_single_image image=&#8221;5474&#8243; img_size=&#8221;full&#8221; alignment=&#8221;center&#8221; onclick=&#8221;custom_link&#8221; link=&#8221;https:\/\/hogaresbethel.com\/sedes\/hombres-contra-su-voluntad\/&#8221;][vc_column_text]<\/p>\n<h3 style=\"text-align: center;\"><a href=\"https:\/\/hogaresbethel.com\/sedes\/hombres-contra-su-voluntad\/\">Listado De Sedes Para Hombres Que No Aceptan Tratamiento Interno<\/a><\/h3>\n<p>[\/vc_column_text][\/vc_column][vc_column width=&#8221;1\/4&#8243; css=&#8221;.vc_custom_1699839250080{margin-top: 10px !important;margin-right: 10px !important;margin-bottom: 10px !important;margin-left: 10px !important;border-top-width: 1px !important;border-right-width: 1px !important;border-bottom-width: 1px !important;border-left-width: 1px !important;border-left-color: #81d742 !important;border-left-style: solid !important;border-right-color: #81d742 !important;border-right-style: solid !important;border-top-color: #81d742 !important;border-top-style: solid !important;border-bottom-color: #81d742 !important;border-bottom-style: solid !important;border-radius: 10px !important;}&#8221;][vc_single_image image=&#8221;5473&#8243; img_size=&#8221;full&#8221; alignment=&#8221;center&#8221; onclick=&#8221;custom_link&#8221; link=&#8221;https:\/\/hogaresbethel.com\/sedes\/hombres-con-voluntad\/&#8221;][vc_column_text]<\/p>\n<h3 style=\"text-align: center;\"><a href=\"https:\/\/hogaresbethel.com\/sedes\/hombres-con-voluntad\/\">Listado De Sedes Para Hombres Que Aceptan Tratamiento Interno<\/a><\/h3>\n<p>[\/vc_column_text][\/vc_column][\/vc_row][vc_row][vc_column][vc_column_text]<strong>TRATAMIENTO AMBULATORIO<\/strong><br \/>\nEn algunas de nuestras sedes tenemos tratamiento ambulatorio donde el paciente va a terapias a la instituci\u00f3n y regresa a su casa diariamente.<\/p>\n<p><strong>TRATAMIENTO EN LINEA<\/strong><br \/>\nTambi\u00e9n tenemos tratamiento en l\u00ednea personalizado; todo un equipo interdisciplinario de profesionales directo a su casa por video llamadas, atenci\u00f3n al paciente y a la familia, seguimiento y control de proceso, en algunos casos es necesario por lo menos un mes de proceso, (no en todos los casos)<\/p>\n<p><strong>DESINTOXICACI\u00d3N EN LINEA<\/strong><br \/>\nTambi\u00e9n tenemos asesor\u00eda en desintoxicaci\u00f3n en l\u00ednea con seguimiento de psiquiatr\u00eda y dieta alimentaria[\/vc_column_text][\/vc_column][\/vc_row][vc_row][vc_column][vc_column_text]<strong><img loading=\"lazy\" decoding=\"async\" class=\"size-full wp-image-5615 aligncenter\" src=\"https:\/\/hogaresbethel.com\/sedes\/wp-content\/uploads\/2023\/10\/diana-ramirez.jpeg\" alt=\"\" width=\"576\" height=\"812\" srcset=\"https:\/\/hogaresbethel.com\/sedes\/wp-content\/uploads\/2023\/10\/diana-ramirez.jpeg 576w, https:\/\/hogaresbethel.com\/sedes\/wp-content\/uploads\/2023\/10\/diana-ramirez-213x300.jpeg 213w\" sizes=\"(max-width: 576px) 100vw, 576px\" \/><\/strong><\/p>\n<h2 style=\"text-align: center;\"><strong>PARA M\u00c1S INFORMACI\u00d3N<\/strong><\/h2>\n<h2 style=\"text-align: center;\"><strong><span style=\"color: #333399;\">Diana Ram\u00edrez Castillo<\/span><\/strong><br \/>\nAsesora autorizada para sedes Colombia<br \/>\nFundaci\u00f3n Hogares Bethel<br \/>\nNit. 900 397 073 &#8211; 6<\/h2>\n<h2 style=\"text-align: center;\">Link directo a WhatsApp: <a href=\"https:\/\/wa.link\/wmwnoo\">https:\/\/wa.link\/wmwnoo<\/a><\/h2>\n<h2 style=\"text-align: center;\">Celular WhatsApp:<br \/>\n+57 3137596078<\/h2>\n<p style=\"text-align: center;\"><a href=\"https:\/\/hogaresbethel.com\/sedes\/wp-content\/uploads\/2024\/04\/walink23.jpg\"><img loading=\"lazy\" decoding=\"async\" class=\"alignnone size-full wp-image-6103\" src=\"https:\/\/hogaresbethel.com\/sedes\/wp-content\/uploads\/2024\/04\/walink23.jpg\" alt=\"\" width=\"180\" height=\"224\" \/><\/a><\/p>\n<p>[\/vc_column_text][\/vc_column][\/vc_row]<\/p>\n","protected":false},"excerpt":{"rendered":"<p>[vc_row][vc_column width=&#8221;1\/4&#8243; css=&#8221;.vc_custom_1699839059428{margin-top: 10px !important;margin-right: 10px !important;margin-bottom: 10px !important;margin-left: 10px !important;border-top-width: 1px !important;border-right-width: 1px !important;border-bottom-width: 1px !important;border-left-width: 1px !important;border-left-color: #81d742 !important;border-left-style: solid !important;border-right-color: #81d742 !important;border-right-style: solid !important;border-top-color: #81d742 !important;border-top-style: solid !important;border-bottom-color: #81d742 !important;border-bottom-style: solid !important;border-radius: 10px !important;}&#8221;][vc_single_image image=&#8221;5476&#8243; img_size=&#8221;full&#8221; alignment=&#8221;center&#8221; onclick=&#8221;custom_link&#8221; link=&#8221;https:\/\/hogaresbethel.com\/sedes\/mujeres-contra-su-voluntad\/&#8221;][vc_column_text css=&#8221;.vc_custom_1699839383652{margin-top: 5px !important;}&#8221;] Listado De Sedes Para Mujeres Que No Aceptan Tratamiento Interno &#8230; <a title=\"INICIO\" class=\"read-more\" href=\"https:\/\/hogaresbethel.com\/sedes\/\" aria-label=\"M\u00e1s en INICIO\">Leer m\u00e1s<\/a><\/p>\n","protected":false},"author":1,"featured_media":0,"parent":0,"menu_order":0,"comment_status":"closed","ping_status":"closed","template":"","meta":{"footnotes":""},"_links":{"self":[{"href":"https:\/\/hogaresbethel.com\/sedes\/wp-json\/wp\/v2\/pages\/5463"}],"collection":[{"href":"https:\/\/hogaresbethel.com\/sedes\/wp-json\/wp\/v2\/pages"}],"about":[{"href":"https:\/\/hogaresbethel.com\/sedes\/wp-json\/wp\/v2\/types\/page"}],"author":[{"embeddable":true,"href":"https:\/\/hogaresbethel.com\/sedes\/wp-json\/wp\/v2\/users\/1"}],"replies":[{"embeddable":true,"href":"https:\/\/hogaresbethel.com\/sedes\/wp-json\/wp\/v2\/comments?post=5463"}],"version-history":[{"count":33,"href":"https:\/\/hogaresbethel.com\/sedes\/wp-json\/wp\/v2\/pages\/5463\/revisions"}],"predecessor-version":[{"id":6104,"href":"https:\/\/hogaresbethel.com\/sedes\/wp-json\/wp\/v2\/pages\/5463\/revisions\/6104"}],"wp:attachment":[{"href":"https:\/\/hogaresbethel.com\/sedes\/wp-json\/wp\/v2\/media?parent=5463"}],"curies":[{"name":"wp","href":"https:\/\/api.w.org\/{rel}","templated":true}]}}